{"id":41,"date":"2020-03-14T21:35:20","date_gmt":"2020-03-14T21:35:20","guid":{"rendered":"http:\/\/cafe-m-aachen.de\/?page_id=41"},"modified":"2025-05-09T09:16:21","modified_gmt":"2025-05-09T09:16:21","slug":"datenschutz","status":"publish","type":"page","link":"http:\/\/cafe-m-aachen.de\/?page_id=41","title":{"rendered":"datenschutz"},"content":{"rendered":"<p>[et_pb_section fb_built=&#8220;1&#8243; _builder_version=&#8220;4.16&#8243; global_colors_info=&#8220;{}&#8220;][et_pb_row _builder_version=&#8220;4.16&#8243; global_colors_info=&#8220;{}&#8220;][et_pb_column type=&#8220;4_4&#8243; _builder_version=&#8220;4.16&#8243; global_colors_info=&#8220;{}&#8220;][et_pb_text _builder_version=&#8220;4.16&#8243; hover_enabled=&#8220;0&#8243; global_colors_info=&#8220;{}&#8220; sticky_enabled=&#8220;0&#8243;]<\/p>\n<div class=\"entry-content\">\n<p>&nbsp;<\/p>\n<h1>Datenschutzerkl\u00e4rung<\/h1>\n<p><span style=\"font-size: 14px;\">Unsere Datenschutzerkl\u00e4rung ist wie folgt gegliedert:<\/span><\/p>\n<ol>\n<li>Allgemeine Hinweise<\/li>\n<li>Verantwortlicher<\/li>\n<li>Erhebung und Speicherung personenbezogener Daten sowie Art und Zweck von deren Verwendung<\/li>\n<li><span style=\"font-size: 14px;\">Cookies<\/span><\/li>\n<li>Ihre Rechte<\/li>\n<li>Widerspruchsrecht<span style=\"font-size: 14px;\"><\/span><\/li>\n<li>Datensicherheit<\/li>\n<li>Aktualit\u00e4t und \u00c4nderung dieser Datenschutzerkl\u00e4rung<\/li>\n<\/ol>\n<p>&nbsp;<\/p>\n<ol>\n<li><strong>Allgemeine Hinweise<\/strong><\/li>\n<\/ol>\n<p>Der Schutz Ihrer pers\u00f6nlichen Daten ist uns ein besonderes Anliegen. Wir behandeln Ihre personenbezogenen Daten vertraulich und entsprechend den gesetzlichen Datenschutzvorschriften sowie dieser Datenschutzerkl\u00e4rung.<\/p>\n<p>\u00a0<strong style=\"font-size: 14px;\">Verantwortlicher<\/strong><\/p>\n<p>Verantwortlicher Anbieter dieses Internetauftritts im datenschutzrechtlichen Sinne ist:<\/p>\n<p>Mustafa Ahmad<br \/>Dammstra\u00dfe 29-31<br \/>52066 Aachen<\/p>\n<p>E-Mail: <a href=\"mailto:info@cafe-m-aachen.de\">info@cafe-m-aachen.de<\/a><\/p>\n<ol start=\"3\">\n<li><strong>Erhebung und Speicherung personenbezogener Daten sowie Art und Zweck von deren Verwendung<\/strong><br \/>a) Beim Besuch der Website:<\/li>\n<\/ol>\n<p>Beim Aufrufen unserer Website werden durch den auf Ihrem Endger\u00e4t zum Einsatz kommenden Browser automatisch Informationen an den Server unserer Website gesendet. Diese Informationen werden tempor\u00e4r in einem sogenannten Logfile gespeichert. Folgende Informationen werden dabei ohne Ihr Zutun erfasst und bis zur automatisierten L\u00f6schung gespeichert:<\/p>\n<ul>\n<li>IP-Adresse des anfragenden Rechners,<\/li>\n<li>Datum und Uhrzeit des Zugriffs,<\/li>\n<li>Name und URL der abgerufenen Datei,<\/li>\n<li>Website, von der aus dem Zugriff erfolgt (Referrer-URL),<\/li>\n<li>verwendeter Browser und ggf. das Betriebssystem Ihres Rechners sowie der Name Ihres Access-Providers.<\/li>\n<\/ul>\n<p>Die genannten Daten werden durch uns zu folgenden Zwecken verarbeitet:<\/p>\n<ul>\n<li>Gew\u00e4hrleistung eines reibungslosen Verbindungsaufbaus der Website,<\/li>\n<li>Gew\u00e4hrleistung einer komfortablen Nutzung unserer Website,<\/li>\n<li>Auswertung der Systemsicherheit und -stabilit\u00e4t sowie<\/li>\n<li>zu weiteren administrativen Zwecken.<\/li>\n<\/ul>\n<p>Die Rechtsgrundlage f\u00fcr die Datenverarbeitung ist Art. 6 Abs. 1 lit. f DSGVO.\u00a0<\/p>\n<p>b) Bei Kontaktaufnahme per E-Mail oder Kontaktformular:<\/p>\n<p>Wenn Sie uns per E-Mail oder \u00fcber ein Kontaktformular Anfragen zukommen lassen, werden Ihre Angaben aus der Anfrage inklusive der von Ihnen dort angegebenen Kontaktdaten zwecks Bearbeitung der Anfrage und f\u00fcr den Fall von Anschlussfragen bei uns gespeichert. Diese Daten geben wir nicht ohne Ihre Einwilligung weiter.<\/p>\n<p>\u00a0<span style=\"font-size: 14px;\"> <\/span><span style=\"font-size: 14px;\">4. <\/span><strong style=\"font-size: 14px;\"><span style=\"font-size: 14px;\">Cookies<\/span><\/strong><\/p>\n<p>Unsere Website verwendet teilweise sogenannte Cookies. Cookies richten auf Ihrem Rechner keinen Schaden an und enthalten keine Viren. Sie dienen dazu, unser Angebot nutzerfreundlicher und sicherer zu machen. Die meisten der von uns verwendeten Cookies sind sogenannte \u201eSession-Cookies\u201c. Sie werden nach Ende Ihres Besuchs automatisch gel\u00f6scht. Andere Cookies bleiben auf Ihrem Endger\u00e4t gespeichert, bis Sie diese l\u00f6schen.<\/p>\n<p>\u00a0<span style=\"font-size: 14px;\">Rechtsgrundlage f\u00fcr die Verwendung von technisch notwendigen Cookies ist Art. 6 Abs. 1 lit. f DSGVO.<\/span><\/p>\n<p>&nbsp;<\/p>\n<ol start=\"5\">\n<li><strong>Ihre Rechte<\/strong><\/li>\n<\/ol>\n<p>Sie haben das Recht:<\/p>\n<ul>\n<li>gem\u00e4\u00df Art. 15 DSGVO Auskunft \u00fcber Ihre von uns verarbeiteten personenbezogenen Daten zu verlangen,<\/li>\n<li>gem\u00e4\u00df Art. 16 DSGVO unverz\u00fcglich die Berichtigung unrichtiger oder Vervollst\u00e4ndigung Ihrer bei uns gespeicherten personenbezogenen Daten zu verlangen,<\/li>\n<li>gem\u00e4\u00df Art. 17 DSGVO die L\u00f6schung Ihrer bei uns gespeicherten personenbezogenen Daten zu verlangen,<\/li>\n<li>gem\u00e4\u00df Art. 18 DSGVO die Einschr\u00e4nkung der Verarbeitung Ihrer personenbezogenen Daten zu verlangen,<\/li>\n<li>gem\u00e4\u00df Art. 20 DSGVO Ihre personenbezogenen Daten in einem strukturierten, g\u00e4ngigen und maschinenlesbaren Format zu erhalten oder die \u00dcbermittlung an einen anderen Verantwortlichen zu verlangen,<\/li>\n<li>gem\u00e4\u00df Art. 77 DSGVO sich bei einer Aufsichtsbeh\u00f6rde zu beschweren.\u00a0<\/li>\n<\/ul>\n<p>6. <strong style=\"font-size: 14px;\">Widerspruchsrecht<\/strong><\/p>\n<p>Sofern Ihre personenbezogenen Daten auf Grundlage von berechtigten Interessen gem\u00e4\u00df Art. 6 Abs. 1 lit. f DSGVO verarbeitet werden, haben Sie das Recht, Widerspruch gegen die Verarbeitung Ihrer personenbezogenen Daten einzulegen.<\/p>\n<p><span style=\"font-size: 14px;\">\u00a07. <\/span><strong>Datensicherheit<\/strong><\/p>\n<p>Wir verwenden innerhalb des Website-Besuchs das verbreitete SSL-Verfahren (Secure Socket Layer) in Verbindung mit der jeweils h\u00f6chsten Verschl\u00fcsselungsstufe, die von Ihrem Browser unterst\u00fctzt wird.<\/p>\n<ol start=\"8\">\n<li><strong>Aktualit\u00e4t und \u00c4nderung dieser Datenschutzerkl\u00e4rung<\/strong><\/li>\n<\/ol>\n<p>Diese Datenschutzerkl\u00e4rung ist aktuell g\u00fcltig und hat den Stand Mai 2025. Durch die Weiterentwicklung unserer Website oder aufgrund ge\u00e4nderter gesetzlicher Vorgaben kann es notwendig werden, diese Datenschutzerkl\u00e4rung zu \u00e4ndern.<\/p>\n<p>&nbsp;<\/p>\n<\/div>\n<p>[\/et_pb_text][\/et_pb_column][\/et_pb_row][\/et_pb_section]<\/p>\n","protected":false},"excerpt":{"rendered":"<p>&nbsp; Datenschutzerkl\u00e4rung Unsere Datenschutzerkl\u00e4rung ist wie folgt gegliedert: Allgemeine Hinweise Verantwortlicher Erhebung und Speicherung personenbezogener Daten sowie Art und Zweck von deren Verwendung Cookies Ihre Rechte Widerspruchsrecht Datensicherheit Aktualit\u00e4t und \u00c4nderung dieser Datenschutzerkl\u00e4rung &nbsp; Allgemeine Hinweise Der Schutz Ihrer pers\u00f6nlichen Daten ist uns ein besonderes Anliegen. Wir behandeln Ihre personenbezogenen Daten vertraulich und entsprechend den [&hellip;]<\/p>\n","protected":false},"author":1,"featured_media":0,"parent":0,"menu_order":0,"comment_status":"closed","ping_status":"closed","template":"","meta":{"_et_pb_use_builder":"on","_et_pb_old_content":"","_et_gb_content_width":"","footnotes":""},"class_list":["post-41","page","type-page","status-publish","hentry"],"_links":{"self":[{"href":"http:\/\/cafe-m-aachen.de\/index.php?rest_route=\/wp\/v2\/pages\/41","targetHints":{"allow":["GET"]}}],"collection":[{"href":"http:\/\/cafe-m-aachen.de\/index.php?rest_route=\/wp\/v2\/pages"}],"about":[{"href":"http:\/\/cafe-m-aachen.de\/index.php?rest_route=\/wp\/v2\/types\/page"}],"author":[{"embeddable":true,"href":"http:\/\/cafe-m-aachen.de\/index.php?rest_route=\/wp\/v2\/users\/1"}],"replies":[{"embeddable":true,"href":"http:\/\/cafe-m-aachen.de\/index.php?rest_route=%2Fwp%2Fv2%2Fcomments&post=41"}],"version-history":[{"count":5,"href":"http:\/\/cafe-m-aachen.de\/index.php?rest_route=\/wp\/v2\/pages\/41\/revisions"}],"predecessor-version":[{"id":710,"href":"http:\/\/cafe-m-aachen.de\/index.php?rest_route=\/wp\/v2\/pages\/41\/revisions\/710"}],"wp:attachment":[{"href":"http:\/\/cafe-m-aachen.de\/index.php?rest_route=%2Fwp%2Fv2%2Fmedia&parent=41"}],"curies":[{"name":"wp","href":"https:\/\/api.w.org\/{rel}","templated":true}]}}